{"id":21,"date":"2023-12-28T15:07:13","date_gmt":"2023-12-28T15:07:13","guid":{"rendered":"https:\/\/kilikos.com\/?post_type=product&#038;p=21"},"modified":"2026-01-13T23:31:58","modified_gmt":"2026-01-13T22:31:58","slug":"calypso-sun-lotion-50spf","status":"publish","type":"product","link":"https:\/\/kilikos.com\/index.php\/product\/calypso-sun-lotion-50spf\/","title":{"rendered":"Calypso Sun Lotion 50SPF"},"content":{"rendered":"<p>Locioni diellor Calypso SPF50 Standard Australian\u00a0ofron mbrojtje UVA\/UVB si dhe mbrojtje anti ageing. \u00cbsht\u00eb i leht\u00eb dhe jo i yndyrsh\u00ebm, me hidratues t\u00eb but\u00eb q\u00eb plot\u00ebsojn\u00eb vajrat natyral\u00eb t\u00eb humbur nga ekspozimi ndaj diellit, er\u00ebs dhe ujit. Fotostabil, locioni ruan nivelin e mbrojtjes nga dielli nd\u00ebrmjet aplikimeve.<\/p>\n<p>N\u00ebse jeni duke k\u00ebrkuar p\u00ebr nj\u00eb locion dielli t\u00eb projektuar posa\u00e7\u00ebrisht p\u00ebr f\u00ebmij\u00ebt, at\u00ebher\u00eb provoni kremin ton\u00eb t\u00eb diellit p\u00ebr f\u00ebmij\u00eb. Ofron mbrojtje t\u00eb lart\u00eb dhe \u00ebsht\u00eb i p\u00ebrshtatsh\u00ebm p\u00ebr l\u00ebkur\u00ebn delikate t\u00eb f\u00ebmij\u00ebve.<\/p>\n<p>&nbsp;<\/p>\n<p><strong>P\u00ebrdorimi<\/strong><\/p>\n<p>Aplikojeni gjithmon\u00eb 20-30 minuta para ekspozimit n\u00eb diell.<\/p>\n<p>Aplikojeni mjaftuesh\u00ebm n\u00eb t\u00eb gjitha zonat e ekspozuara dhe l\u00ebmoni but\u00ebsisht.<\/p>\n<p>35 ml \u00ebsht\u00eb aplikimi i rekomanduar p\u00ebr t\u00eb gjith\u00eb trupin.<\/p>\n<p>Aplikojeni p\u00ebrs\u00ebri shpesh p\u00ebr t\u00eb ruajtur mbrojtjen, ve\u00e7an\u00ebrisht pas djersitjes, notit ose fshirjes me peshqir.<\/p>\n<p>Shmangni kontaktin me syt\u00eb. N\u00ebse ndodh kontakti, lani me shum\u00eb uj\u00eb.<\/p>\n<p>Nd\u00ebrpriteni p\u00ebrdorimin n\u00ebse shfaqen shenja acarimi ose skuqjeje.<\/p>\n<p>Idealisht b\u00ebni nj\u00eb test patch p\u00ebrpara p\u00ebrdorimit.<\/p>\n<p>&nbsp;<\/p>\n<p><strong>P\u00ebrfitimet<\/strong><\/p>\n<ul>\n<li>Anti Ageing<\/li>\n<li>Mbrojtje nga rrezet UVA, UVB<\/li>\n<li>Jo e yndyrshme<\/li>\n<li>Mbrojtje e lart\u00eb<\/li>\n<li>Produkt Vegan<\/li>\n<li>Fotostabile<\/li>\n<\/ul>\n<p>&nbsp;<\/p>\n<p><strong>Prodhues<\/strong><\/p>\n<p><strong>Linco Care &#8211; Manchester, Angli<\/strong><\/p>\n<p>&nbsp;<\/p>\n<p><strong>Formati<\/strong><\/p>\n<p><strong>150ml<\/strong><\/p>\n","protected":false},"excerpt":{"rendered":"<p>Krem Dielli Calypso Sun Lotion 50SPF<\/p>\n","protected":false},"featured_media":23,"comment_status":"open","ping_status":"closed","template":"","meta":{"om_disable_all_campaigns":false,"_monsterinsights_skip_tracking":false,"_monsterinsights_sitenote_active":false,"_monsterinsights_sitenote_note":"","_monsterinsights_sitenote_category":0,"_uf_show_specific_survey":0,"_uf_disable_surveys":false,"neve_meta_sidebar":"","neve_meta_container":"","neve_meta_enable_content_width":"off","neve_meta_content_width":100,"neve_meta_title_alignment":"","neve_meta_author_avatar":"","neve_post_elements_order":"","neve_meta_disable_header":"","neve_meta_disable_footer":"","neve_meta_disable_title":""},"product_cat":[20],"product_tag":[22,21],"class_list":{"0":"post-21","1":"product","2":"type-product","3":"status-publish","4":"has-post-thumbnail","6":"product_cat-mbrojtja-nga-dielli","7":"product_tag-calypso-albania","8":"product_tag-krem-dielli","10":"first","11":"instock","12":"shipping-taxable","13":"purchasable","14":"product-type-simple"},"aioseo_notices":[],"jetpack_sharing_enabled":true,"_links":{"self":[{"href":"https:\/\/kilikos.com\/index.php\/wp-json\/wp\/v2\/product\/21","targetHints":{"allow":["GET"]}}],"collection":[{"href":"https:\/\/kilikos.com\/index.php\/wp-json\/wp\/v2\/product"}],"about":[{"href":"https:\/\/kilikos.com\/index.php\/wp-json\/wp\/v2\/types\/product"}],"replies":[{"embeddable":true,"href":"https:\/\/kilikos.com\/index.php\/wp-json\/wp\/v2\/comments?post=21"}],"wp:featuredmedia":[{"embeddable":true,"href":"https:\/\/kilikos.com\/index.php\/wp-json\/wp\/v2\/media\/23"}],"wp:attachment":[{"href":"https:\/\/kilikos.com\/index.php\/wp-json\/wp\/v2\/media?parent=21"}],"wp:term":[{"taxonomy":"product_cat","embeddable":true,"href":"https:\/\/kilikos.com\/index.php\/wp-json\/wp\/v2\/product_cat?post=21"},{"taxonomy":"product_tag","embeddable":true,"href":"https:\/\/kilikos.com\/index.php\/wp-json\/wp\/v2\/product_tag?post=21"}],"curies":[{"name":"wp","href":"https:\/\/api.w.org\/{rel}","templated":true}]}}